{"id":594,"date":"2023-02-13T16:36:56","date_gmt":"2023-02-13T16:36:56","guid":{"rendered":"https:\/\/eventoffs.com\/?page_id=594"},"modified":"2024-02-05T08:59:30","modified_gmt":"2024-02-05T08:59:30","slug":"politica-de-cookies","status":"publish","type":"page","link":"https:\/\/eventoffs.com\/en\/home\/politica-de-cookies","title":{"rendered":"<strong>POL\u00cdTICA DE <em>COOKIES<\/em><\/strong>"},"content":{"rendered":"<div data-elementor-type=\"wp-page\" data-elementor-id=\"594\" class=\"elementor elementor-594\" data-elementor-post-type=\"page\">\n\t\t\t\t\t\t<section class=\"elementor-section elementor-top-section elementor-element elementor-element-53ad198d elementor-section-boxed elementor-section-height-default elementor-section-height-default\" data-id=\"53ad198d\" data-element_type=\"section\" data-e-type=\"section\">\n\t\t\t\t\t\t<div class=\"elementor-container elementor-column-gap-default\">\n\t\t\t\t\t<div class=\"elementor-column elementor-col-100 elementor-top-column elementor-element elementor-element-65b445af\" data-id=\"65b445af\" data-element_type=\"column\" data-e-type=\"column\">\n\t\t\t<div class=\"elementor-widget-wrap elementor-element-populated\">\n\t\t\t\t\t\t<div class=\"elementor-element elementor-element-1f1f370 elementor-widget elementor-widget-heading\" data-id=\"1f1f370\" data-element_type=\"widget\" data-e-type=\"widget\" data-widget_type=\"heading.default\">\n\t\t\t\t<div class=\"elementor-widget-container\">\n\t\t\t\t\t<h2 class=\"elementor-heading-title elementor-size-default\">Cookie policy\n<\/h2>\t\t\t\t<\/div>\n\t\t\t\t<\/div>\n\t\t\t\t<div class=\"elementor-element elementor-element-4563dda7 elementor-widget elementor-widget-text-editor\" data-id=\"4563dda7\" data-element_type=\"widget\" data-e-type=\"widget\" data-no-translation=\"\" data-widget_type=\"text-editor.default\">\n\t\t\t\t<div class=\"elementor-widget-container\">\n\t\t\t\t\t<style>.elementor-element-4563dda7{display:none !important}<\/style>\t\t\t\t<\/div>\n\t\t\t\t<\/div>\n\t\t\t\t<div class=\"elementor-element elementor-element-af46256 elementor-widget elementor-widget-text-editor\" data-id=\"af46256\" data-element_type=\"widget\" data-e-type=\"widget\" data-no-translation=\"\" data-widget_type=\"text-editor.default\">\n\t\t\t\t<div class=\"elementor-widget-container\">\n\t\t\t\t\t\t\t\t\t<p><strong>Cookies<\/strong><\/p><p>Cookies are files that are downloaded to the user&#8217;s terminal (computer\/smartphone\/tablet) when accessing certain web pages or services on the network and are stored in the user&#8217;s memory. Cookies allow, among other things, store and retrieve information about browsing habits of a user or your computer, see what pages are visited, the connection time, analyze the operation of a page, if there are technical problems, know where the user is, etc..\u00a0<\/p><p>Depending on the information they contain and the way in which the terminal is used, they can be used to recognize the user.What types of cookies does EPIKA use?<\/p><p>EPIKA only uses its own cookies and those known as technical and\/or functional cookies.<\/p><p>This type of cookies are those that serve to improve the service, locate incidents, recognize the user, etc..<\/p><p>These cookies are necessary and are the only ones that the user cannot deactivate.Is information only collected via cookies?Cookies are not the only tool used to collect data on usage, operation, technical, navigation and user preferences.<\/p><p>There are also web beacons (also known as action tags or one-pixel gifs), pixel tags, embedded links, as well as other data collection tools (which we will generally and collectively call \u00abcookies\u00bb as the most common mechanism). In principle, these tools do not identify the user, but they do collect data on your browsing, preferences, use of the page and display of advertising.<\/p><p><strong>What are cookies used for?<\/strong><\/p><p>Cookies can be used to offer you personalized services and\/or advertising, to analyze the functioning of the system, to recognize you when you access as a user, to locate incidents and problems that may arise and solve them as soon as possible, as well as to analyze and measure the use and activity of the web page.<\/p><p>Is my consent required to set a cookie?Consent is not required for the installation of technical cookies or those that are strictly necessary for the provision of an information society service expressly requested by the user.<\/p><p>Otherwise, the consent of the interested party is required, which can be requested in different ways.<\/p><p>In the case of EPIKA, as it only uses technical cookies, it does not require the user&#8217;s consent.<\/p><p><strong>Can I disable cookies?<\/strong><\/p><p>As the cookies used by EPIKA are technical cookies and are necessary for the correct functioning of the web page, it is not possible to request their deactivation. If you do not agree with the use of cookies, please stop browsing this website.<\/p>\t\t\t\t\t\t\t\t<\/div>\n\t\t\t\t<\/div>\n\t\t\t\t\t<\/div>\n\t\t<\/div>\n\t\t\t\t\t<\/div>\n\t\t<\/section>\n\t\t\t\t<\/div>","protected":false},"excerpt":{"rendered":"<p>POL\u00cdTICA DE COOKIES \u00bfQu\u00e9 es una cookie? Las cookies son ficheros que se descargan en el terminal (ordenador\/smartphone\/tablet) del usuario al acceder a determinadas p\u00e1ginas web o servicios en la red y que se almacenan en la memoria del mismo. Las cookies permiten, entre otras cosas, almacenar y recuperar informaci\u00f3n sobre los h\u00e1bitos de navegaci\u00f3n [&hellip;]<\/p>\n","protected":false},"author":1,"featured_media":0,"parent":2645,"menu_order":0,"comment_status":"closed","ping_status":"closed","template":"","meta":{"_monsterinsights_skip_tracking":false,"_monsterinsights_sitenote_active":false,"_monsterinsights_sitenote_note":"","_monsterinsights_sitenote_category":0,"footnotes":""},"class_list":["post-594","page","type-page","status-publish","hentry"],"aioseo_notices":[],"_links":{"self":[{"href":"https:\/\/eventoffs.com\/en\/wp-json\/wp\/v2\/pages\/594","targetHints":{"allow":["GET"]}}],"collection":[{"href":"https:\/\/eventoffs.com\/en\/wp-json\/wp\/v2\/pages"}],"about":[{"href":"https:\/\/eventoffs.com\/en\/wp-json\/wp\/v2\/types\/page"}],"author":[{"embeddable":true,"href":"https:\/\/eventoffs.com\/en\/wp-json\/wp\/v2\/users\/1"}],"replies":[{"embeddable":true,"href":"https:\/\/eventoffs.com\/en\/wp-json\/wp\/v2\/comments?post=594"}],"version-history":[{"count":16,"href":"https:\/\/eventoffs.com\/en\/wp-json\/wp\/v2\/pages\/594\/revisions"}],"predecessor-version":[{"id":3470,"href":"https:\/\/eventoffs.com\/en\/wp-json\/wp\/v2\/pages\/594\/revisions\/3470"}],"up":[{"embeddable":true,"href":"https:\/\/eventoffs.com\/en\/wp-json\/wp\/v2\/pages\/2645"}],"wp:attachment":[{"href":"https:\/\/eventoffs.com\/en\/wp-json\/wp\/v2\/media?parent=594"}],"curies":[{"name":"wp","href":"https:\/\/api.w.org\/{rel}","templated":true}]}}